{"id":1610,"date":"2018-10-16T13:09:53","date_gmt":"2018-10-16T13:09:53","guid":{"rendered":"http:\/\/www.japola.fi\/index.php\/home\/"},"modified":"2026-01-16T19:28:35","modified_gmt":"2026-01-16T19:28:35","slug":"home","status":"publish","type":"page","link":"https:\/\/www.japola.fi\/","title":{"rendered":"Home"},"content":{"rendered":"\t\t<div data-elementor-type=\"wp-post\" data-elementor-id=\"1610\" class=\"elementor elementor-1610\">\n\t\t\t\t\t\t<section class=\"elementor-section elementor-top-section elementor-element elementor-element-4fb4fd81 elementor-section-boxed elementor-section-height-default elementor-section-height-default\" data-id=\"4fb4fd81\" data-element_type=\"section\" data-settings=\"{&quot;background_background&quot;:&quot;classic&quot;}\">\n\t\t\t\t\t\t\t<div class=\"elementor-background-overlay\"><\/div>\n\t\t\t\t\t\t\t<div class=\"elementor-container elementor-column-gap-no\">\n\t\t\t\t\t<div class=\"elementor-column elementor-col-50 elementor-top-column elementor-element elementor-element-61583980\" data-id=\"61583980\" data-element_type=\"column\">\n\t\t\t<div class=\"elementor-widget-wrap elementor-element-populated\">\n\t\t\t\t\t\t<div class=\"elementor-element elementor-element-2d8a6dce elementor-widget elementor-widget-heading\" data-id=\"2d8a6dce\" data-element_type=\"widget\" data-widget_type=\"heading.default\">\n\t\t\t\t<div class=\"elementor-widget-container\">\n\t\t\t\t\t<h1 class=\"elementor-heading-title elementor-size-default\">Japola oy<\/h1>\t\t\t\t<\/div>\n\t\t\t\t<\/div>\n\t\t\t\t<div class=\"elementor-element elementor-element-fc1bdf6 elementor-widget-divider--view-line elementor-widget elementor-widget-divider\" data-id=\"fc1bdf6\" data-element_type=\"widget\" data-widget_type=\"divider.default\">\n\t\t\t\t<div class=\"elementor-widget-container\">\n\t\t\t\t\t\t\t<div class=\"elementor-divider\">\n\t\t\t<span class=\"elementor-divider-separator\">\n\t\t\t\t\t\t<\/span>\n\t\t<\/div>\n\t\t\t\t\t\t<\/div>\n\t\t\t\t<\/div>\n\t\t\t\t<div class=\"elementor-element elementor-element-567d3879 elementor-widget elementor-widget-text-editor\" data-id=\"567d3879\" data-element_type=\"widget\" data-widget_type=\"text-editor.default\">\n\t\t\t\t<div class=\"elementor-widget-container\">\n\t\t\t\t\t\t\t\t\t<p><span style=\"font-style: inherit;\">Japola Oy on joutsenolainen rakennusalan yritys, joka toimii p\u00e4\u00e4s\u00e4\u00e4nt\u00f6isesti Etel\u00e4-Karjalan alueella. Teemme laaja-alaisesti saneeraus- ja uudisrakennuskohteita; meilt\u00e4 hoituu kaikki perustuksista vesikatteisiin.\u00a0<\/span><\/p><p>Yrityksemme menestys nojaa laadukkaseen ja kest\u00e4v\u00e4\u00e4n rakentamiseen sek\u00e4 korkeaan asiakastyytyv\u00e4isyyteen.\u00a0<\/p><p><span style=\"font-style: inherit;\">Ole rohkeasti yhteydess\u00e4!<\/span><\/p><p><em>Lassi Japola,<\/em><\/p><p><em>toimitusjohtaja<\/em><\/p>\t\t\t\t\t\t\t\t<\/div>\n\t\t\t\t<\/div>\n\t\t\t\t<div class=\"elementor-element elementor-element-ca9a3ba elementor-widget__width-initial elementor-widget elementor-widget-image\" data-id=\"ca9a3ba\" data-element_type=\"widget\" data-widget_type=\"image.default\">\n\t\t\t\t<div class=\"elementor-widget-container\">\n\t\t\t\t\t\t\t\t\t\t\t\t\t\t\t<img fetchpriority=\"high\" decoding=\"async\" width=\"1000\" height=\"1024\" src=\"https:\/\/www.japola.fi\/wp-content\/uploads\/2026\/01\/IMG_3072-1-kopio-1000x1024.jpeg\" class=\"attachment-large size-large wp-image-1666\" alt=\"\" srcset=\"https:\/\/www.japola.fi\/wp-content\/uploads\/2026\/01\/IMG_3072-1-kopio-1000x1024.jpeg 1000w, https:\/\/www.japola.fi\/wp-content\/uploads\/2026\/01\/IMG_3072-1-kopio-293x300.jpeg 293w, https:\/\/www.japola.fi\/wp-content\/uploads\/2026\/01\/IMG_3072-1-kopio-768x786.jpeg 768w, https:\/\/www.japola.fi\/wp-content\/uploads\/2026\/01\/IMG_3072-1-kopio-1500x1536.jpeg 1500w, https:\/\/www.japola.fi\/wp-content\/uploads\/2026\/01\/IMG_3072-1-kopio-2000x2048.jpeg 2000w\" sizes=\"(max-width: 1000px) 100vw, 1000px\" \/>\t\t\t\t\t\t\t\t\t\t\t\t\t\t\t<\/div>\n\t\t\t\t<\/div>\n\t\t\t\t<div class=\"elementor-element elementor-element-50ff4212 elementor-widget-divider--view-line elementor-widget elementor-widget-divider\" data-id=\"50ff4212\" data-element_type=\"widget\" data-widget_type=\"divider.default\">\n\t\t\t\t<div class=\"elementor-widget-container\">\n\t\t\t\t\t\t\t<div class=\"elementor-divider\">\n\t\t\t<span class=\"elementor-divider-separator\">\n\t\t\t\t\t\t<\/span>\n\t\t<\/div>\n\t\t\t\t\t\t<\/div>\n\t\t\t\t<\/div>\n\t\t\t\t<div class=\"elementor-element elementor-element-3083b3f4 elementor-align-start elementor-mobile-align-start elementor-icon-list--layout-traditional elementor-list-item-link-full_width elementor-widget elementor-widget-icon-list\" data-id=\"3083b3f4\" data-element_type=\"widget\" data-widget_type=\"icon-list.default\">\n\t\t\t\t<div class=\"elementor-widget-container\">\n\t\t\t\t\t\t\t<ul class=\"elementor-icon-list-items\">\n\t\t\t\t\t\t\t<li class=\"elementor-icon-list-item\">\n\t\t\t\t\t\t\t\t\t\t\t<span class=\"elementor-icon-list-icon\">\n\t\t\t\t\t\t\t<i aria-hidden=\"true\" class=\"far fa-envelope\"><\/i>\t\t\t\t\t\t<\/span>\n\t\t\t\t\t\t\t\t\t\t<span class=\"elementor-icon-list-text\">lassi@japola.fi<\/span>\n\t\t\t\t\t\t\t\t\t<\/li>\n\t\t\t\t\t\t<\/ul>\n\t\t\t\t\t\t<\/div>\n\t\t\t\t<\/div>\n\t\t\t\t\t<\/div>\n\t\t<\/div>\n\t\t\t\t<div class=\"elementor-column elementor-col-50 elementor-top-column elementor-element elementor-element-ddc67d3\" data-id=\"ddc67d3\" data-element_type=\"column\">\n\t\t\t<div class=\"elementor-widget-wrap elementor-element-populated\">\n\t\t\t\t\t\t<div class=\"elementor-element elementor-element-4acb6e6 elementor-widget__width-initial elementor-widget elementor-widget-image\" data-id=\"4acb6e6\" data-element_type=\"widget\" data-widget_type=\"image.default\">\n\t\t\t\t<div class=\"elementor-widget-container\">\n\t\t\t\t\t\t\t\t\t\t\t\t\t\t\t<img decoding=\"async\" width=\"768\" height=\"1024\" src=\"https:\/\/www.japola.fi\/wp-content\/uploads\/2026\/01\/IMG_0694-768x1024.jpeg\" class=\"attachment-large size-large wp-image-1673\" alt=\"\" srcset=\"https:\/\/www.japola.fi\/wp-content\/uploads\/2026\/01\/IMG_0694-768x1024.jpeg 768w, https:\/\/www.japola.fi\/wp-content\/uploads\/2026\/01\/IMG_0694-225x300.jpeg 225w, https:\/\/www.japola.fi\/wp-content\/uploads\/2026\/01\/IMG_0694-1152x1536.jpeg 1152w, https:\/\/www.japola.fi\/wp-content\/uploads\/2026\/01\/IMG_0694-1536x2048.jpeg 1536w, https:\/\/www.japola.fi\/wp-content\/uploads\/2026\/01\/IMG_0694-scaled.jpeg 1920w\" sizes=\"(max-width: 768px) 100vw, 768px\" \/>\t\t\t\t\t\t\t\t\t\t\t\t\t\t\t<\/div>\n\t\t\t\t<\/div>\n\t\t\t\t<div class=\"elementor-element elementor-element-dc8e16d elementor-widget__width-initial elementor-widget elementor-widget-image\" data-id=\"dc8e16d\" data-element_type=\"widget\" data-widget_type=\"image.default\">\n\t\t\t\t<div class=\"elementor-widget-container\">\n\t\t\t\t\t\t\t\t\t\t\t\t\t\t\t<img decoding=\"async\" width=\"1024\" height=\"768\" src=\"https:\/\/www.japola.fi\/wp-content\/uploads\/2026\/01\/IMG_0037-1024x768.jpeg\" class=\"attachment-large size-large wp-image-1676\" alt=\"\" srcset=\"https:\/\/www.japola.fi\/wp-content\/uploads\/2026\/01\/IMG_0037-1024x768.jpeg 1024w, https:\/\/www.japola.fi\/wp-content\/uploads\/2026\/01\/IMG_0037-300x225.jpeg 300w, https:\/\/www.japola.fi\/wp-content\/uploads\/2026\/01\/IMG_0037-768x576.jpeg 768w, https:\/\/www.japola.fi\/wp-content\/uploads\/2026\/01\/IMG_0037-1536x1152.jpeg 1536w, https:\/\/www.japola.fi\/wp-content\/uploads\/2026\/01\/IMG_0037-2048x1536.jpeg 2048w\" sizes=\"(max-width: 1024px) 100vw, 1024px\" \/>\t\t\t\t\t\t\t\t\t\t\t\t\t\t\t<\/div>\n\t\t\t\t<\/div>\n\t\t\t\t\t<\/div>\n\t\t<\/div>\n\t\t\t\t\t<\/div>\n\t\t<\/section>\n\t\t\t\t<section class=\"elementor-section elementor-top-section elementor-element elementor-element-7b2dc7f elementor-section-boxed elementor-section-height-default elementor-section-height-default\" data-id=\"7b2dc7f\" data-element_type=\"section\">\n\t\t\t\t\t\t<div class=\"elementor-container elementor-column-gap-default\">\n\t\t\t\t\t<div class=\"elementor-column elementor-col-100 elementor-top-column elementor-element elementor-element-f9ad9c5\" data-id=\"f9ad9c5\" data-element_type=\"column\">\n\t\t\t<div class=\"elementor-widget-wrap elementor-element-populated\">\n\t\t\t\t\t\t<div class=\"elementor-element elementor-element-3c5dc56 elementor-widget elementor-widget-image\" data-id=\"3c5dc56\" data-element_type=\"widget\" data-widget_type=\"image.default\">\n\t\t\t\t<div class=\"elementor-widget-container\">\n\t\t\t\t\t\t\t\t\t\t\t\t\t\t\t<img loading=\"lazy\" decoding=\"async\" width=\"2560\" height=\"1640\" src=\"https:\/\/www.japola.fi\/wp-content\/uploads\/2026\/01\/IMG_0744-1-scaled.jpeg\" class=\"attachment-full size-full wp-image-1684\" alt=\"\" srcset=\"https:\/\/www.japola.fi\/wp-content\/uploads\/2026\/01\/IMG_0744-1-scaled.jpeg 2560w, https:\/\/www.japola.fi\/wp-content\/uploads\/2026\/01\/IMG_0744-1-300x192.jpeg 300w, https:\/\/www.japola.fi\/wp-content\/uploads\/2026\/01\/IMG_0744-1-1024x656.jpeg 1024w, https:\/\/www.japola.fi\/wp-content\/uploads\/2026\/01\/IMG_0744-1-768x492.jpeg 768w, https:\/\/www.japola.fi\/wp-content\/uploads\/2026\/01\/IMG_0744-1-1536x984.jpeg 1536w, https:\/\/www.japola.fi\/wp-content\/uploads\/2026\/01\/IMG_0744-1-2048x1312.jpeg 2048w\" sizes=\"(max-width: 2560px) 100vw, 2560px\" \/>\t\t\t\t\t\t\t\t\t\t\t\t\t\t\t<\/div>\n\t\t\t\t<\/div>\n\t\t\t\t\t<\/div>\n\t\t<\/div>\n\t\t\t\t\t<\/div>\n\t\t<\/section>\n\t\t\t\t<section class=\"elementor-section elementor-top-section elementor-element elementor-element-d5c5bfc elementor-section-boxed elementor-section-height-default elementor-section-height-default\" data-id=\"d5c5bfc\" data-element_type=\"section\">\n\t\t\t\t\t\t<div class=\"elementor-container elementor-column-gap-default\">\n\t\t\t\t\t<div class=\"elementor-column elementor-col-33 elementor-top-column elementor-element elementor-element-c8b508e\" data-id=\"c8b508e\" data-element_type=\"column\">\n\t\t\t<div class=\"elementor-widget-wrap elementor-element-populated\">\n\t\t\t\t\t\t<div class=\"elementor-element elementor-element-93787e3 elementor-widget elementor-widget-image\" data-id=\"93787e3\" data-element_type=\"widget\" data-widget_type=\"image.default\">\n\t\t\t\t<div class=\"elementor-widget-container\">\n\t\t\t\t\t\t\t\t\t\t\t\t\t\t\t<img loading=\"lazy\" decoding=\"async\" width=\"1920\" height=\"2560\" src=\"https:\/\/www.japola.fi\/wp-content\/uploads\/2026\/01\/IMG_0636-1-scaled.jpeg\" class=\"attachment-full size-full wp-image-1685\" alt=\"\" srcset=\"https:\/\/www.japola.fi\/wp-content\/uploads\/2026\/01\/IMG_0636-1-scaled.jpeg 1920w, https:\/\/www.japola.fi\/wp-content\/uploads\/2026\/01\/IMG_0636-1-225x300.jpeg 225w, https:\/\/www.japola.fi\/wp-content\/uploads\/2026\/01\/IMG_0636-1-768x1024.jpeg 768w, https:\/\/www.japola.fi\/wp-content\/uploads\/2026\/01\/IMG_0636-1-1152x1536.jpeg 1152w, https:\/\/www.japola.fi\/wp-content\/uploads\/2026\/01\/IMG_0636-1-1536x2048.jpeg 1536w\" sizes=\"(max-width: 1920px) 100vw, 1920px\" \/>\t\t\t\t\t\t\t\t\t\t\t\t\t\t\t<\/div>\n\t\t\t\t<\/div>\n\t\t\t\t\t<\/div>\n\t\t<\/div>\n\t\t\t\t<div class=\"elementor-column elementor-col-33 elementor-top-column elementor-element elementor-element-500af4a\" data-id=\"500af4a\" data-element_type=\"column\">\n\t\t\t<div class=\"elementor-widget-wrap elementor-element-populated\">\n\t\t\t\t\t\t<div class=\"elementor-element elementor-element-5b58cbd elementor-widget elementor-widget-image\" data-id=\"5b58cbd\" data-element_type=\"widget\" data-widget_type=\"image.default\">\n\t\t\t\t<div class=\"elementor-widget-container\">\n\t\t\t\t\t\t\t\t\t\t\t\t\t\t\t<img loading=\"lazy\" decoding=\"async\" width=\"768\" height=\"1024\" src=\"https:\/\/www.japola.fi\/wp-content\/uploads\/2026\/01\/IMG_0638-1-768x1024.jpeg\" class=\"attachment-large size-large wp-image-1686\" alt=\"\" srcset=\"https:\/\/www.japola.fi\/wp-content\/uploads\/2026\/01\/IMG_0638-1-768x1024.jpeg 768w, https:\/\/www.japola.fi\/wp-content\/uploads\/2026\/01\/IMG_0638-1-225x300.jpeg 225w, https:\/\/www.japola.fi\/wp-content\/uploads\/2026\/01\/IMG_0638-1-1152x1536.jpeg 1152w, https:\/\/www.japola.fi\/wp-content\/uploads\/2026\/01\/IMG_0638-1-1536x2048.jpeg 1536w, https:\/\/www.japola.fi\/wp-content\/uploads\/2026\/01\/IMG_0638-1-scaled.jpeg 1920w\" sizes=\"(max-width: 768px) 100vw, 768px\" \/>\t\t\t\t\t\t\t\t\t\t\t\t\t\t\t<\/div>\n\t\t\t\t<\/div>\n\t\t\t\t\t<\/div>\n\t\t<\/div>\n\t\t\t\t<div class=\"elementor-column elementor-col-33 elementor-top-column elementor-element elementor-element-6c02a93\" data-id=\"6c02a93\" data-element_type=\"column\">\n\t\t\t<div class=\"elementor-widget-wrap elementor-element-populated\">\n\t\t\t\t\t\t<div class=\"elementor-element elementor-element-13431de elementor-widget elementor-widget-image\" data-id=\"13431de\" data-element_type=\"widget\" data-widget_type=\"image.default\">\n\t\t\t\t<div class=\"elementor-widget-container\">\n\t\t\t\t\t\t\t\t\t\t\t\t\t\t\t<img loading=\"lazy\" decoding=\"async\" width=\"768\" height=\"1024\" src=\"https:\/\/www.japola.fi\/wp-content\/uploads\/2026\/01\/IMG_1132-768x1024.jpeg\" class=\"attachment-large size-large wp-image-1680\" alt=\"\" srcset=\"https:\/\/www.japola.fi\/wp-content\/uploads\/2026\/01\/IMG_1132-768x1024.jpeg 768w, https:\/\/www.japola.fi\/wp-content\/uploads\/2026\/01\/IMG_1132-225x300.jpeg 225w, https:\/\/www.japola.fi\/wp-content\/uploads\/2026\/01\/IMG_1132-1152x1536.jpeg 1152w, https:\/\/www.japola.fi\/wp-content\/uploads\/2026\/01\/IMG_1132-1536x2048.jpeg 1536w, https:\/\/www.japola.fi\/wp-content\/uploads\/2026\/01\/IMG_1132-scaled.jpeg 1920w\" sizes=\"(max-width: 768px) 100vw, 768px\" \/>\t\t\t\t\t\t\t\t\t\t\t\t\t\t\t<\/div>\n\t\t\t\t<\/div>\n\t\t\t\t\t<\/div>\n\t\t<\/div>\n\t\t\t\t\t<\/div>\n\t\t<\/section>\n\t\t\t\t<section class=\"elementor-section elementor-top-section elementor-element elementor-element-36c5022 elementor-section-boxed elementor-section-height-default elementor-section-height-default\" data-id=\"36c5022\" data-element_type=\"section\">\n\t\t\t\t\t\t<div class=\"elementor-container elementor-column-gap-default\">\n\t\t\t\t\t<div class=\"elementor-column elementor-col-100 elementor-top-column elementor-element elementor-element-46893e9\" data-id=\"46893e9\" data-element_type=\"column\">\n\t\t\t<div class=\"elementor-widget-wrap elementor-element-populated\">\n\t\t\t\t\t\t<div class=\"elementor-element elementor-element-46db7e2 elementor-widget__width-initial elementor-widget elementor-widget-image\" data-id=\"46db7e2\" data-element_type=\"widget\" data-widget_type=\"image.default\">\n\t\t\t\t<div class=\"elementor-widget-container\">\n\t\t\t\t\t\t\t\t\t\t\t\t\t\t\t<img loading=\"lazy\" decoding=\"async\" width=\"1024\" height=\"690\" src=\"https:\/\/www.japola.fi\/wp-content\/uploads\/2026\/01\/IMG_1209-2-1024x690.jpg\" class=\"attachment-large size-large wp-image-1688\" alt=\"\" srcset=\"https:\/\/www.japola.fi\/wp-content\/uploads\/2026\/01\/IMG_1209-2-1024x690.jpg 1024w, https:\/\/www.japola.fi\/wp-content\/uploads\/2026\/01\/IMG_1209-2-300x202.jpg 300w, https:\/\/www.japola.fi\/wp-content\/uploads\/2026\/01\/IMG_1209-2-768x518.jpg 768w, https:\/\/www.japola.fi\/wp-content\/uploads\/2026\/01\/IMG_1209-2-1536x1035.jpg 1536w, https:\/\/www.japola.fi\/wp-content\/uploads\/2026\/01\/IMG_1209-2-2048x1380.jpg 2048w\" sizes=\"(max-width: 1024px) 100vw, 1024px\" \/>\t\t\t\t\t\t\t\t\t\t\t\t\t\t\t<\/div>\n\t\t\t\t<\/div>\n\t\t\t\t\t<\/div>\n\t\t<\/div>\n\t\t\t\t\t<\/div>\n\t\t<\/section>\n\t\t\t\t<section class=\"elementor-section elementor-top-section elementor-element elementor-element-a0ce02b elementor-section-boxed elementor-section-height-default elementor-section-height-default\" data-id=\"a0ce02b\" data-element_type=\"section\">\n\t\t\t\t\t\t<div class=\"elementor-container elementor-column-gap-default\">\n\t\t\t\t\t<div class=\"elementor-column elementor-col-100 elementor-top-column elementor-element elementor-element-6ad96d18\" data-id=\"6ad96d18\" data-element_type=\"column\" data-settings=\"{&quot;background_background&quot;:&quot;classic&quot;}\">\n\t\t\t<div class=\"elementor-widget-wrap elementor-element-populated\">\n\t\t\t\t\t\t<div class=\"elementor-element elementor-element-75d47f22 elementor-widget elementor-widget-heading\" data-id=\"75d47f22\" data-element_type=\"widget\" data-widget_type=\"heading.default\">\n\t\t\t\t<div class=\"elementor-widget-container\">\n\t\t\t\t\t<h3 class=\"elementor-heading-title elementor-size-default\">Ota yhteytt\u00e4!<\/h3>\t\t\t\t<\/div>\n\t\t\t\t<\/div>\n\t\t\t\t<div class=\"elementor-element elementor-element-50c8be1e elementor-widget elementor-widget-shortcode\" data-id=\"50c8be1e\" data-element_type=\"widget\" data-widget_type=\"shortcode.default\">\n\t\t\t\t<div class=\"elementor-widget-container\">\n\t\t\t\t\t\t\t<div class=\"elementor-shortcode\"><div class=\"wpforms-container \" id=\"wpforms-6\"><form id=\"wpforms-form-6\" class=\"wpforms-validate wpforms-form\" data-formid=\"6\" method=\"post\" enctype=\"multipart\/form-data\" action=\"\/index.php\/wp-json\/wp\/v2\/pages\/1610\" data-token=\"16c17fa6c9a4f7964a5183c22befa2ea\" data-token-time=\"1777992365\"><noscript class=\"wpforms-error-noscript\">Please enable JavaScript in your browser to complete this form.<\/noscript><div class=\"wpforms-field-container\"><div id=\"wpforms-6-field_0-container\" class=\"wpforms-field wpforms-field-name\" data-field-id=\"0\"><label class=\"wpforms-field-label\" for=\"wpforms-6-field_0\">Nimi <span class=\"wpforms-required-label\">*<\/span><\/label><input type=\"text\" id=\"wpforms-6-field_0\" class=\"wpforms-field-large wpforms-field-required\" name=\"wpforms[fields][0]\" required><\/div><div id=\"wpforms-6-field_1-container\" class=\"wpforms-field wpforms-field-email\" data-field-id=\"1\"><label class=\"wpforms-field-label\" for=\"wpforms-6-field_1\">S\u00e4hk\u00f6posti <span class=\"wpforms-required-label\">*<\/span><\/label><input type=\"email\" id=\"wpforms-6-field_1\" class=\"wpforms-field-large wpforms-field-required\" name=\"wpforms[fields][1]\" spellcheck=\"false\" required><\/div><div id=\"wpforms-6-field_4-container\" class=\"wpforms-field wpforms-field-text\" data-field-id=\"4\"><label class=\"wpforms-field-label\" for=\"wpforms-6-field_4\">Puhelinnumero <span class=\"wpforms-required-label\">*<\/span><\/label><input type=\"text\" id=\"wpforms-6-field_4\" class=\"wpforms-field-large wpforms-field-required\" name=\"wpforms[fields][4]\" required><\/div><div id=\"wpforms-6-field_2-container\" class=\"wpforms-field wpforms-field-textarea\" data-field-id=\"2\"><label class=\"wpforms-field-label\" for=\"wpforms-6-field_2\">Viesti <span class=\"wpforms-required-label\">*<\/span><\/label><textarea id=\"wpforms-6-field_2\" class=\"wpforms-field-medium wpforms-field-required\" name=\"wpforms[fields][2]\" required><\/textarea><\/div><\/div><!-- .wpforms-field-container --><div class=\"wpforms-field wpforms-field-hp\"><label for=\"wpforms-6-field-hp\" class=\"wpforms-field-label\">Name<\/label><input type=\"text\" name=\"wpforms[hp]\" id=\"wpforms-6-field-hp\" class=\"wpforms-field-medium\"><\/div><div class=\"wpforms-submit-container\" ><input type=\"hidden\" name=\"wpforms[id]\" value=\"6\"><input type=\"hidden\" name=\"page_title\" value=\"\"><input type=\"hidden\" name=\"page_url\" value=\"https:\/\/www.japola.fi\/index.php\/wp-json\/wp\/v2\/pages\/1610\"><input type=\"hidden\" name=\"url_referer\" value=\"https:\/\/www.japola.fi\/\"><button type=\"submit\" name=\"wpforms[submit]\" id=\"wpforms-submit-6\" class=\"wpforms-submit\" data-alt-text=\"L\u00e4hetet\u00e4\u00e4n...\" data-submit-text=\"L\u00e4het\u00e4 viesti\" aria-live=\"assertive\" value=\"wpforms-submit\">L\u00e4het\u00e4 viesti<\/button><\/div><\/form><\/div>  <!-- .wpforms-container --><\/div>\n\t\t\t\t\t\t<\/div>\n\t\t\t\t<\/div>\n\t\t\t\t\t<\/div>\n\t\t<\/div>\n\t\t\t\t\t<\/div>\n\t\t<\/section>\n\t\t\t\t<\/div>\n\t\t","protected":false},"excerpt":{"rendered":"<p>Japola oy Japola Oy on joutsenolainen rakennusalan yritys, joka toimii p\u00e4\u00e4s\u00e4\u00e4nt\u00f6isesti Etel\u00e4-Karjalan alueella. Teemme laaja-alaisesti saneeraus- ja uudisrakennuskohteita; meilt\u00e4 hoituu kaikki perustuksista vesikatteisiin.\u00a0 Yrityksemme menestys nojaa laadukkaseen ja kest\u00e4v\u00e4\u00e4n rakentamiseen sek\u00e4 korkeaan asiakastyytyv\u00e4isyyteen.\u00a0 Ole rohkeasti yhteydess\u00e4! Lassi Japola, toimitusjohtaja lassi@japola.fi Ota yhteytt\u00e4!<\/p>\n","protected":false},"author":1,"featured_media":0,"parent":0,"menu_order":0,"comment_status":"closed","ping_status":"closed","template":"","meta":{"site-sidebar-layout":"no-sidebar","site-content-layout":"page-builder","ast-site-content-layout":"full-width-container","site-content-style":"unboxed","site-sidebar-style":"unboxed","ast-global-header-display":"","ast-banner-title-visibility":"","ast-main-header-display":"","ast-hfb-above-header-display":"","ast-hfb-below-header-display":"","ast-hfb-mobile-header-display":"","site-post-title":"disabled","ast-breadcrumbs-content":"","ast-featured-img":"disabled","footer-sml-layout":"","ast-disable-related-posts":"","theme-transparent-header-meta":"enabled","adv-header-id-meta":"","stick-header-meta":"","header-above-stick-meta":"","header-main-stick-meta":"","header-below-stick-meta":"","astra-migrate-meta-layouts":"set","ast-page-background-enabled":"default","ast-page-background-meta":{"desktop":{"background-color":"","background-image":"","background-repeat":"repeat","background-position":"center center","background-size":"auto","background-attachment":"scroll","background-type":"","background-media":"","overlay-type":"","overlay-color":"","overlay-opacity":"","overlay-gradient":""},"tablet":{"background-color":"","background-image":"","background-repeat":"repeat","background-position":"center center","background-size":"auto","background-attachment":"scroll","background-type":"","background-media":"","overlay-type":"","overlay-color":"","overlay-opacity":"","overlay-gradient":""},"mobile":{"background-color":"","background-image":"","background-repeat":"repeat","background-position":"center center","background-size":"auto","background-attachment":"scroll","background-type":"","background-media":"","overlay-type":"","overlay-color":"","overlay-opacity":"","overlay-gradient":""}},"ast-content-background-meta":{"desktop":{"background-color":"var(--ast-global-color-5)","background-image":"","background-repeat":"repeat","background-position":"center center","background-size":"auto","background-attachment":"scroll","background-type":"","background-media":"","overlay-type":"","overlay-color":"","overlay-opacity":"","overlay-gradient":""},"tablet":{"background-color":"var(--ast-global-color-5)","background-image":"","background-repeat":"repeat","background-position":"center center","background-size":"auto","background-attachment":"scroll","background-type":"","background-media":"","overlay-type":"","overlay-color":"","overlay-opacity":"","overlay-gradient":""},"mobile":{"background-color":"var(--ast-global-color-5)","background-image":"","background-repeat":"repeat","background-position":"center center","background-size":"auto","background-attachment":"scroll","background-type":"","background-media":"","overlay-type":"","overlay-color":"","overlay-opacity":"","overlay-gradient":""}},"footnotes":""},"class_list":["post-1610","page","type-page","status-publish","hentry"],"_links":{"self":[{"href":"https:\/\/www.japola.fi\/index.php\/wp-json\/wp\/v2\/pages\/1610","targetHints":{"allow":["GET"]}}],"collection":[{"href":"https:\/\/www.japola.fi\/index.php\/wp-json\/wp\/v2\/pages"}],"about":[{"href":"https:\/\/www.japola.fi\/index.php\/wp-json\/wp\/v2\/types\/page"}],"author":[{"embeddable":true,"href":"https:\/\/www.japola.fi\/index.php\/wp-json\/wp\/v2\/users\/1"}],"replies":[{"embeddable":true,"href":"https:\/\/www.japola.fi\/index.php\/wp-json\/wp\/v2\/comments?post=1610"}],"version-history":[{"count":30,"href":"https:\/\/www.japola.fi\/index.php\/wp-json\/wp\/v2\/pages\/1610\/revisions"}],"predecessor-version":[{"id":1708,"href":"https:\/\/www.japola.fi\/index.php\/wp-json\/wp\/v2\/pages\/1610\/revisions\/1708"}],"wp:attachment":[{"href":"https:\/\/www.japola.fi\/index.php\/wp-json\/wp\/v2\/media?parent=1610"}],"curies":[{"name":"wp","href":"https:\/\/api.w.org\/{rel}","templated":true}]}}